{"id":20624,"date":"2022-02-16T12:38:38","date_gmt":"2022-02-16T12:38:38","guid":{"rendered":"https:\/\/www.casinoonlinein.com\/new-casinos\/"},"modified":"2024-09-18T20:58:44","modified_gmt":"2024-09-18T20:58:44","slug":"new-casinos","status":"publish","type":"page","link":"https:\/\/www.casinoonlinein.com\/ar\/nuevos\/","title":{"rendered":"Nuevos"},"content":{"rendered":"\n<div class=\"schema-faq wp-block-yoast-faq-block\"><div class=\"schema-faq-section\" id=\"faq-question-1726578468460\"><strong class=\"schema-faq-question\">\u00bfPuedo reclamar un bono en un nuevo casino online?<\/strong> <p class=\"schema-faq-answer\">Los casinos online tienen algunas desventajas que debes tener en cuenta. En primer lugar, es posible que los fondos para torneos y botes locales no sean tan grandes como los de los casinos m\u00e1s establecidos. Adem\u00e1s, a\u00fan no han tenido tiempo de forjarse una reputaci\u00f3n.<\/p> <\/div> <div class=\"schema-faq-section\" id=\"faq-question-1726670646041\"><strong class=\"schema-faq-question\">\u00bfCu\u00e1les son las desventajas de los nuevos casinos online?<\/strong> <p class=\"schema-faq-answer\">S\u00ed y no. Todos los nuevos casinos online deben cumplir con las regulaciones m\u00e1s estrictas establecidas por los organismos reguladores internacionales. Por lo tanto, siempre que te registres y juegues en un casino nuevo que tenga licencia de una o m\u00e1s de estas autoridades globales, como la MGA o la Comisi\u00f3n de Juego del Reino Unido, estar\u00e1s bien. Todos los sitios que enumeramos son completamente confiables.<\/p> <\/div> <\/div>\n","protected":false},"excerpt":{"rendered":"","protected":false},"author":6,"featured_media":0,"parent":0,"menu_order":0,"comment_status":"closed","ping_status":"closed","template":"newcasino-template.php","meta":{"_acf_changed":false,"inline_featured_image":false,"_lmt_disableupdate":"","_lmt_disable":"","footnotes":""},"class_list":["post-20624","page","type-page","status-publish","hentry"],"acf":[],"yoast_head":"<!-- This site is optimized with the Yoast SEO plugin v27.5 - https:\/\/yoast.com\/product\/yoast-seo-wordpress\/ -->\n<title>Los Mejores Nuevos Casinos Online en Argentina 2024<\/title>\n<meta name=\"description\" content=\"En este art\u00edculo, analizaremos los mejores nuevos casinos online que est\u00e1n disponibles para los jugadores de casino de Argentina\" \/>\n<meta name=\"robots\" content=\"index, follow, max-snippet:-1, max-image-preview:large, max-video-preview:-1\" \/>\n<link rel=\"canonical\" href=\"https:\/\/www.casinoonlinein.com\/ar\/nuevos\/\" \/>\n<meta property=\"og:locale\" content=\"ar_AR\" \/>\n<meta property=\"og:type\" content=\"article\" \/>\n<meta property=\"og:title\" content=\"Los Mejores Nuevos Casinos Online en Argentina 2024\" \/>\n<meta property=\"og:description\" content=\"En este art\u00edculo, analizaremos los mejores nuevos casinos online que est\u00e1n disponibles para los jugadores de casino de Argentina\" \/>\n<meta property=\"og:url\" content=\"https:\/\/www.casinoonlinein.com\/ar\/nuevos\/\" \/>\n<meta property=\"og:site_name\" content=\"CasinoOnlineIn\" \/>\n<meta property=\"article:modified_time\" content=\"2024-09-18T20:58:44+00:00\" \/>\n<meta property=\"og:image\" content=\"https:\/\/www.casinoonlinein.com\/wp-content\/uploads\/2024\/09\/nuevos-online-casinos.webp\" \/>\n\t<meta property=\"og:image:width\" content=\"1000\" \/>\n\t<meta property=\"og:image:height\" content=\"571\" \/>\n\t<meta property=\"og:image:type\" content=\"image\/webp\" \/>\n<meta name=\"twitter:card\" content=\"summary_large_image\" \/>\n<meta name=\"twitter:label1\" content=\"\u0648\u0642\u062a \u0627\u0644\u0642\u0631\u0627\u0621\u0629 \u0627\u0644\u0645\u064f\u0642\u062f\u0651\u0631\" \/>\n\t<meta name=\"twitter:data1\" content=\"\u062f\u0642\u064a\u0642\u0629 \u0648\u0627\u062d\u062f\u0629\" \/>\n<script type=\"application\/ld+json\" class=\"yoast-schema-graph\">{\"@context\":\"https:\\\/\\\/schema.org\",\"@graph\":[{\"@type\":[\"WebPage\",\"FAQPage\"],\"@id\":\"https:\\\/\\\/www.casinoonlinein.com\\\/ar\\\/nuevos\\\/\",\"url\":\"https:\\\/\\\/www.casinoonlinein.com\\\/ar\\\/nuevos\\\/\",\"name\":\"Los Mejores Nuevos Casinos Online en Argentina 2024\",\"isPartOf\":{\"@id\":\"https:\\\/\\\/www.casinoonlinein.com\\\/ar\\\/#website\"},\"datePublished\":\"2022-02-16T12:38:38+00:00\",\"dateModified\":\"2024-09-18T20:58:44+00:00\",\"description\":\"En este art\u00edculo, analizaremos los mejores nuevos casinos online que est\u00e1n disponibles para los jugadores de casino de Argentina\",\"breadcrumb\":{\"@id\":\"https:\\\/\\\/www.casinoonlinein.com\\\/ar\\\/nuevos\\\/#breadcrumb\"},\"mainEntity\":[{\"@id\":\"https:\\\/\\\/www.casinoonlinein.com\\\/ar\\\/nuevos\\\/#faq-question-1726578468460\"},{\"@id\":\"https:\\\/\\\/www.casinoonlinein.com\\\/ar\\\/nuevos\\\/#faq-question-1726670646041\"}],\"inLanguage\":\"ar\",\"potentialAction\":[{\"@type\":\"ReadAction\",\"target\":[\"https:\\\/\\\/www.casinoonlinein.com\\\/ar\\\/nuevos\\\/\"]}]},{\"@type\":\"BreadcrumbList\",\"@id\":\"https:\\\/\\\/www.casinoonlinein.com\\\/ar\\\/nuevos\\\/#breadcrumb\",\"itemListElement\":[{\"@type\":\"ListItem\",\"position\":1,\"name\":\"Home\",\"item\":\"https:\\\/\\\/www.casinoonlinein.com\\\/ar\\\/\"},{\"@type\":\"ListItem\",\"position\":2,\"name\":\"Nuevos\"}]},{\"@type\":\"WebSite\",\"@id\":\"https:\\\/\\\/www.casinoonlinein.com\\\/ar\\\/#website\",\"url\":\"https:\\\/\\\/www.casinoonlinein.com\\\/ar\\\/\",\"name\":\"CasinoOnlineIn\",\"description\":\"Just another WordPress site\",\"publisher\":{\"@id\":\"https:\\\/\\\/www.casinoonlinein.com\\\/ar\\\/#organization\"},\"alternateName\":\"CasinoOnlineIn\",\"potentialAction\":[{\"@type\":\"SearchAction\",\"target\":{\"@type\":\"EntryPoint\",\"urlTemplate\":\"https:\\\/\\\/www.casinoonlinein.com\\\/ar\\\/?s={search_term_string}\"},\"query-input\":{\"@type\":\"PropertyValueSpecification\",\"valueRequired\":true,\"valueName\":\"search_term_string\"}}],\"inLanguage\":\"ar\"},{\"@type\":\"Organization\",\"@id\":\"https:\\\/\\\/www.casinoonlinein.com\\\/ar\\\/#organization\",\"name\":\"CasinoOnlineIn\",\"url\":\"https:\\\/\\\/www.casinoonlinein.com\\\/ar\\\/\",\"logo\":{\"@type\":\"ImageObject\",\"inLanguage\":\"ar\",\"@id\":\"https:\\\/\\\/www.casinoonlinein.com\\\/ar\\\/#\\\/schema\\\/logo\\\/image\\\/\",\"url\":\"https:\\\/\\\/www.casinoonlinein.com\\\/wp-content\\\/uploads\\\/2023\\\/05\\\/casinoonlinein-logo.jpeg\",\"contentUrl\":\"https:\\\/\\\/www.casinoonlinein.com\\\/wp-content\\\/uploads\\\/2023\\\/05\\\/casinoonlinein-logo.jpeg\",\"width\":200,\"height\":150,\"caption\":\"CasinoOnlineIn\"},\"image\":{\"@id\":\"https:\\\/\\\/www.casinoonlinein.com\\\/ar\\\/#\\\/schema\\\/logo\\\/image\\\/\"}},{\"@type\":\"Question\",\"@id\":\"https:\\\/\\\/www.casinoonlinein.com\\\/ar\\\/nuevos\\\/#faq-question-1726578468460\",\"position\":1,\"url\":\"https:\\\/\\\/www.casinoonlinein.com\\\/ar\\\/nuevos\\\/#faq-question-1726578468460\",\"name\":\"\u00bfPuedo reclamar un bono en un nuevo casino online?\",\"answerCount\":1,\"acceptedAnswer\":{\"@type\":\"Answer\",\"text\":\"Los casinos online tienen algunas desventajas que debes tener en cuenta. En primer lugar, es posible que los fondos para torneos y botes locales no sean tan grandes como los de los casinos m\u00e1s establecidos. Adem\u00e1s, a\u00fan no han tenido tiempo de forjarse una reputaci\u00f3n.\",\"inLanguage\":\"ar\"},\"inLanguage\":\"ar\"},{\"@type\":\"Question\",\"@id\":\"https:\\\/\\\/www.casinoonlinein.com\\\/ar\\\/nuevos\\\/#faq-question-1726670646041\",\"position\":2,\"url\":\"https:\\\/\\\/www.casinoonlinein.com\\\/ar\\\/nuevos\\\/#faq-question-1726670646041\",\"name\":\"\u00bfCu\u00e1les son las desventajas de los nuevos casinos online?\",\"answerCount\":1,\"acceptedAnswer\":{\"@type\":\"Answer\",\"text\":\"S\u00ed y no. Todos los nuevos casinos online deben cumplir con las regulaciones m\u00e1s estrictas establecidas por los organismos reguladores internacionales. Por lo tanto, siempre que te registres y juegues en un casino nuevo que tenga licencia de una o m\u00e1s de estas autoridades globales, como la MGA o la Comisi\u00f3n de Juego del Reino Unido, estar\u00e1s bien. Todos los sitios que enumeramos son completamente confiables.\",\"inLanguage\":\"ar\"},\"inLanguage\":\"ar\"}]}<\/script>\n<!-- \/ Yoast SEO plugin. -->","yoast_head_json":{"title":"Los Mejores Nuevos Casinos Online en Argentina 2024","description":"En este art\u00edculo, analizaremos los mejores nuevos casinos online que est\u00e1n disponibles para los jugadores de casino de Argentina","robots":{"index":"index","follow":"follow","max-snippet":"max-snippet:-1","max-image-preview":"max-image-preview:large","max-video-preview":"max-video-preview:-1"},"canonical":"https:\/\/www.casinoonlinein.com\/ar\/nuevos\/","og_locale":"ar_AR","og_type":"article","og_title":"Los Mejores Nuevos Casinos Online en Argentina 2024","og_description":"En este art\u00edculo, analizaremos los mejores nuevos casinos online que est\u00e1n disponibles para los jugadores de casino de Argentina","og_url":"https:\/\/www.casinoonlinein.com\/ar\/nuevos\/","og_site_name":"CasinoOnlineIn","article_modified_time":"2024-09-18T20:58:44+00:00","og_image":[{"width":1000,"height":571,"url":"https:\/\/www.casinoonlinein.com\/wp-content\/uploads\/2024\/09\/nuevos-online-casinos.webp","type":"image\/webp"}],"twitter_card":"summary_large_image","twitter_misc":{"\u0648\u0642\u062a \u0627\u0644\u0642\u0631\u0627\u0621\u0629 \u0627\u0644\u0645\u064f\u0642\u062f\u0651\u0631":"\u062f\u0642\u064a\u0642\u0629 \u0648\u0627\u062d\u062f\u0629"},"schema":{"@context":"https:\/\/schema.org","@graph":[{"@type":["WebPage","FAQPage"],"@id":"https:\/\/www.casinoonlinein.com\/ar\/nuevos\/","url":"https:\/\/www.casinoonlinein.com\/ar\/nuevos\/","name":"Los Mejores Nuevos Casinos Online en Argentina 2024","isPartOf":{"@id":"https:\/\/www.casinoonlinein.com\/ar\/#website"},"datePublished":"2022-02-16T12:38:38+00:00","dateModified":"2024-09-18T20:58:44+00:00","description":"En este art\u00edculo, analizaremos los mejores nuevos casinos online que est\u00e1n disponibles para los jugadores de casino de Argentina","breadcrumb":{"@id":"https:\/\/www.casinoonlinein.com\/ar\/nuevos\/#breadcrumb"},"mainEntity":[{"@id":"https:\/\/www.casinoonlinein.com\/ar\/nuevos\/#faq-question-1726578468460"},{"@id":"https:\/\/www.casinoonlinein.com\/ar\/nuevos\/#faq-question-1726670646041"}],"inLanguage":"ar","potentialAction":[{"@type":"ReadAction","target":["https:\/\/www.casinoonlinein.com\/ar\/nuevos\/"]}]},{"@type":"BreadcrumbList","@id":"https:\/\/www.casinoonlinein.com\/ar\/nuevos\/#breadcrumb","itemListElement":[{"@type":"ListItem","position":1,"name":"Home","item":"https:\/\/www.casinoonlinein.com\/ar\/"},{"@type":"ListItem","position":2,"name":"Nuevos"}]},{"@type":"WebSite","@id":"https:\/\/www.casinoonlinein.com\/ar\/#website","url":"https:\/\/www.casinoonlinein.com\/ar\/","name":"CasinoOnlineIn","description":"Just another WordPress site","publisher":{"@id":"https:\/\/www.casinoonlinein.com\/ar\/#organization"},"alternateName":"CasinoOnlineIn","potentialAction":[{"@type":"SearchAction","target":{"@type":"EntryPoint","urlTemplate":"https:\/\/www.casinoonlinein.com\/ar\/?s={search_term_string}"},"query-input":{"@type":"PropertyValueSpecification","valueRequired":true,"valueName":"search_term_string"}}],"inLanguage":"ar"},{"@type":"Organization","@id":"https:\/\/www.casinoonlinein.com\/ar\/#organization","name":"CasinoOnlineIn","url":"https:\/\/www.casinoonlinein.com\/ar\/","logo":{"@type":"ImageObject","inLanguage":"ar","@id":"https:\/\/www.casinoonlinein.com\/ar\/#\/schema\/logo\/image\/","url":"https:\/\/www.casinoonlinein.com\/wp-content\/uploads\/2023\/05\/casinoonlinein-logo.jpeg","contentUrl":"https:\/\/www.casinoonlinein.com\/wp-content\/uploads\/2023\/05\/casinoonlinein-logo.jpeg","width":200,"height":150,"caption":"CasinoOnlineIn"},"image":{"@id":"https:\/\/www.casinoonlinein.com\/ar\/#\/schema\/logo\/image\/"}},{"@type":"Question","@id":"https:\/\/www.casinoonlinein.com\/ar\/nuevos\/#faq-question-1726578468460","position":1,"url":"https:\/\/www.casinoonlinein.com\/ar\/nuevos\/#faq-question-1726578468460","name":"\u00bfPuedo reclamar un bono en un nuevo casino online?","answerCount":1,"acceptedAnswer":{"@type":"Answer","text":"Los casinos online tienen algunas desventajas que debes tener en cuenta. En primer lugar, es posible que los fondos para torneos y botes locales no sean tan grandes como los de los casinos m\u00e1s establecidos. Adem\u00e1s, a\u00fan no han tenido tiempo de forjarse una reputaci\u00f3n.","inLanguage":"ar"},"inLanguage":"ar"},{"@type":"Question","@id":"https:\/\/www.casinoonlinein.com\/ar\/nuevos\/#faq-question-1726670646041","position":2,"url":"https:\/\/www.casinoonlinein.com\/ar\/nuevos\/#faq-question-1726670646041","name":"\u00bfCu\u00e1les son las desventajas de los nuevos casinos online?","answerCount":1,"acceptedAnswer":{"@type":"Answer","text":"S\u00ed y no. Todos los nuevos casinos online deben cumplir con las regulaciones m\u00e1s estrictas establecidas por los organismos reguladores internacionales. Por lo tanto, siempre que te registres y juegues en un casino nuevo que tenga licencia de una o m\u00e1s de estas autoridades globales, como la MGA o la Comisi\u00f3n de Juego del Reino Unido, estar\u00e1s bien. Todos los sitios que enumeramos son completamente confiables.","inLanguage":"ar"},"inLanguage":"ar"}]}},"_links":{"self":[{"href":"https:\/\/www.casinoonlinein.com\/ar\/wp-json\/wp\/v2\/pages\/20624","targetHints":{"allow":["GET"]}}],"collection":[{"href":"https:\/\/www.casinoonlinein.com\/ar\/wp-json\/wp\/v2\/pages"}],"about":[{"href":"https:\/\/www.casinoonlinein.com\/ar\/wp-json\/wp\/v2\/types\/page"}],"author":[{"embeddable":true,"href":"https:\/\/www.casinoonlinein.com\/ar\/wp-json\/wp\/v2\/users\/6"}],"replies":[{"embeddable":true,"href":"https:\/\/www.casinoonlinein.com\/ar\/wp-json\/wp\/v2\/comments?post=20624"}],"version-history":[{"count":0,"href":"https:\/\/www.casinoonlinein.com\/ar\/wp-json\/wp\/v2\/pages\/20624\/revisions"}],"wp:attachment":[{"href":"https:\/\/www.casinoonlinein.com\/ar\/wp-json\/wp\/v2\/media?parent=20624"}],"curies":[{"name":"wp","href":"https:\/\/api.w.org\/{rel}","templated":true}]}}